{"id":87,"date":"2019-05-09T21:34:19","date_gmt":"2019-05-09T19:34:19","guid":{"rendered":"http:\/\/www.alpinlodges-kaprun.at\/?page_id=87"},"modified":"2024-06-27T09:32:51","modified_gmt":"2024-06-27T07:32:51","slug":"impressum","status":"publish","type":"page","link":"https:\/\/www.alpinlodges-kaprun.at\/en\/impressum\/","title":{"rendered":"Impressum"},"content":{"rendered":"\n<p>Informationspflicht laut \u00a75 E-Commerce Gesetz, \u00a714 Unternehmensgesetzbuch, \u00a763 Gewerbeordnung und Offenlegungspflicht laut \u00a725 Mediengesetz.<\/p>\n\n\n\n<p>Alp-IN Lodges Kaprun<br>Andrea Buchner-Webersberger<br>Birnwiesweg, 11,<br>5710 Kaprun,<br>\u00d6sterreich<\/p>\n\n\n\n<p><strong>Unternehmensgegenstand:<\/strong>&nbsp;Privatzimmervermietung<br><strong>UID-Nummer:<\/strong>&nbsp;ATU73674348<\/p>\n\n\n\n<p><strong>Tel.:<\/strong>&nbsp;0043 664 28 64 510<br><strong>E-Mail:<\/strong>&nbsp;<a href=\"mailto:info@alpinlodges-kaprun.at\">info@alpinlodges-kaprun.at<\/a><\/p>\n\n\n\n<p><strong>Berufsbezeichnung:<\/strong>&nbsp;Privatzimmervermieterin<br><strong>Verleihungsstaat:<\/strong>&nbsp;\u00d6sterreich<\/p>\n\n\n\n<p><strong>Kontaktdaten des Verantwortlichen f\u00fcr Datenschutz<\/strong><br>Sollten Sie Fragen zum Datenschutz haben, finden Sie nachfolgend die Kontaktdaten der verantwortlichen Person bzw. Stelle:<br>Andrea Buchner-Webersberger<br>Birnwiesweg 11, A-5710 Kaprun<br>E-Mail-Adresse:&nbsp;<a href=\"mailto:info@alpinlodges-kaprun.at\">info@alpinlodges-kaprun.at<\/a><br>Telefon: 0043 664 28 64 510<br>Impressum:&nbsp;<a style=\"color:#b34a4a;\" href=\"https:\/\/www.adsimple.at\/impressumtext\/impressumtext-121969354\/www.alpinlodges-kaprun.at\">www.alpinlodges-kaprun.at<\/a><\/p>\n\n\n\n<h2 class=\"wp-block-heading\" id=\"eu-streitschlichtung\">EU-Streitschlichtung<\/h2>\n\n\n\n<p>Gem\u00e4\u00df Verordnung \u00fcber Online-Streitbeilegung in Verbraucherangelegenheiten (ODR-Verordnung) m\u00f6chten wir Sie \u00fcber die Online-Streitbeilegungsplattform (OS-Plattform) informieren.<br>Verbraucher haben die M\u00f6glichkeit, Beschwerden an die Online Streitbeilegungsplattform der Europ\u00e4ischen Kommission unter&nbsp;<a href=\"https:\/\/ec.europa.eu\/consumers\/odr\/main\/index.cfm?event=main.home2.show&#038;lng=DE\" target=\"_blank\" rel=\"noreferrer noopener\">https:\/\/ec.europa.eu\/consumers\/odr\/main\/index.cfm?event=main.home2.show&#038;lng=DE<\/a>&nbsp;zu richten. Die daf\u00fcr notwendigen Kontaktdaten finden Sie oberhalb in unserem Impressum.<\/p>\n\n\n\n<p>Wir m\u00f6chten Sie jedoch darauf hinweisen, dass wir nicht bereit oder verpflichtet sind, an Streitbeilegungsverfahren vor einer Verbraucherschlichtungsstelle teilzunehmen.<\/p>\n\n\n\n<h2 class=\"wp-block-heading\" id=\"haftung-fuer-inhalte-dieser-webseite\">Haftung f\u00fcr Inhalte dieser Website<\/h2>\n\n\n\n<p>Wir entwickeln die Inhalte dieser Website st\u00e4ndig weiter und bem\u00fchen uns korrekte und aktuelle Informationen bereitzustellen. Leider k\u00f6nnen wir keine Haftung f\u00fcr die Korrektheit aller Inhalte auf dieser Website \u00fcbernehmen, speziell f\u00fcr jene, die seitens Dritter bereitgestellt wurden. Als Diensteanbieter sind wir nicht verpflichtet, die von Ihnen \u00fcbermittelten oder gespeicherten Informationen zu \u00fcberwachen oder nach Umst\u00e4nden zu forschen, die auf eine rechtswidrige T\u00e4tigkeit hinweisen.<\/p>\n\n\n\n<p>Unsere Verpflichtungen zur Entfernung von Informationen oder zur Sperrung der Nutzung von Informationen nach den allgemeinen Gesetzen aufgrund von gerichtlichen oder beh\u00f6rdlichen Anordnungen bleiben auch im Falle unserer Nichtverantwortlichkeit davon unber\u00fchrt.<\/p>\n\n\n\n<p>Sollten Ihnen problematische oder rechtswidrige Inhalte auffallen, bitte wir Sie uns umgehend zu kontaktieren, damit wir die rechtswidrigen Inhalte entfernen k\u00f6nnen. Sie finden die Kontaktdaten im Impressum.<\/p>\n\n\n\n<h2 class=\"wp-block-heading\" id=\"haftung-links-webseite\">Haftung f\u00fcr Links auf dieser Website<\/h2>\n\n\n\n<p>Unsere Website enth\u00e4lt Links zu anderen Websites f\u00fcr deren Inhalt wir nicht verantwortlich sind. Haftung f\u00fcr verlinkte Websites besteht f\u00fcr uns nicht, da wir keine Kenntnis rechtswidriger T\u00e4tigkeiten hatten und haben, uns solche Rechtswidrigkeiten auch bisher nicht aufgefallen sind und wir Links sofort entfernen w\u00fcrden, wenn uns Rechtswidrigkeiten bekannt werden.<\/p>\n\n\n\n<p>Wenn Ihnen rechtswidrige Links auf unserer Website auffallen, bitte wir Sie uns zu kontaktieren. Sie finden die Kontaktdaten im Impressum.<\/p>\n\n\n\n<h2 class=\"wp-block-heading\" id=\"urheberrechtshinweis\">Urheberrechtshinweis<\/h2>\n\n\n\n<p>Alle Inhalte dieser Webseite (Bilder, Fotos, Texte, Videos) unterliegen dem Urheberrecht. Bitte fragen Sie uns bevor Sie die Inhalte dieser Website verbreiten, vervielf\u00e4ltigen oder verwerten wie zum Beispiel auf anderen Websites erneut ver\u00f6ffentlichen. Falls notwendig, werden wir die unerlaubte Nutzung von Teilen der Inhalte unserer Seite rechtlich verfolgen.<\/p>\n\n\n\n<p>Sollten Sie auf dieser Webseite Inhalte finden, die das Urheberrecht verletzen, bitten wir Sie uns zu kontaktieren.<\/p>\n\n\n\n<h2 class=\"wp-block-heading\" id=\"bildernachweis\">Bildernachweis<\/h2>\n\n\n\n<p>Die Bilder, Fotos und Grafiken auf dieser Webseite sind urheberrechtlich gesch\u00fctzt.<\/p>\n\n\n\n<p>Die Bilderrechte liegen bei:<\/p>\n\n\n\n<p>Andrea Buchner-Webersberger<br>Tourismusverband Zell am See &#8211; Kaprun<\/p>\n\n\n\n<p>Alle Texte sind urheberrechtlich gesch\u00fctzt.<\/p>\n\n\n\n<p>Quelle: Erstellt mit dem&nbsp;<a style=\"color:#b34a4a;\" href=\"https:\/\/www.adsimple.at\/impressum-generator\/\">Impressum Generator<\/a>&nbsp;von AdSimple<\/p>\n","protected":false},"excerpt":{"rendered":"<p>\u00a9 Zell am See-Kaprun Tourismus<\/p>\n","protected":false},"author":1,"featured_media":8437,"parent":0,"menu_order":0,"comment_status":"closed","ping_status":"closed","template":"","meta":{"footnotes":""},"class_list":["post-87","page","type-page","status-publish","has-post-thumbnail","hentry"],"yoast_head":"<!-- This site is optimized with the Yoast SEO plugin v27.4 - https:\/\/yoast.com\/product\/yoast-seo-wordpress\/ -->\n<title>Impressum<\/title>\n<meta name=\"robots\" content=\"index, follow, max-snippet:-1, max-image-preview:large, max-video-preview:-1\" \/>\n<link rel=\"canonical\" href=\"https:\/\/www.alpinlodges-kaprun.at\/en\/impressum\/\" \/>\n<meta property=\"og:locale\" content=\"en_GB\" \/>\n<meta property=\"og:locale:alternate\" content=\"de_DE\" \/>\n<meta property=\"og:type\" content=\"article\" \/>\n<meta property=\"og:title\" content=\"Impressum\" \/>\n<meta property=\"og:description\" content=\"\u00a9 Zell am See-Kaprun Tourismus\" \/>\n<meta property=\"og:url\" content=\"https:\/\/www.alpinlodges-kaprun.at\/en\/impressum\/\" \/>\n<meta property=\"og:site_name\" content=\"Alp-IN Lodges Kaprun\" \/>\n<meta property=\"article:modified_time\" content=\"2024-06-27T07:32:51+00:00\" \/>\n<meta property=\"og:image\" content=\"http:\/\/www.alpinlodges-kaprun.at\/wordpress-5.0.3\/wordpress\/wp-content\/uploads\/2022\/08\/boote-am-zeller-see-boats-on-lake-zell-c-expa-pictures_original.jpg\" \/>\n\t<meta property=\"og:image:width\" content=\"1920\" \/>\n\t<meta property=\"og:image:height\" content=\"1279\" \/>\n\t<meta property=\"og:image:type\" content=\"image\/jpeg\" \/>\n<meta name=\"twitter:card\" content=\"summary_large_image\" \/>\n<meta name=\"twitter:label1\" content=\"Estimated reading time\" \/>\n\t<meta name=\"twitter:data1\" content=\"3 minutes\" \/>\n<script type=\"application\/ld+json\" class=\"yoast-schema-graph\">{\"@context\":\"https:\\\/\\\/schema.org\",\"@graph\":[{\"@type\":\"WebPage\",\"@id\":\"https:\\\/\\\/www.alpinlodges-kaprun.at\\\/impressum\\\/\",\"url\":\"https:\\\/\\\/www.alpinlodges-kaprun.at\\\/impressum\\\/\",\"name\":\"Impressum\",\"isPartOf\":{\"@id\":\"https:\\\/\\\/www.alpinlodges-kaprun.at\\\/#website\"},\"primaryImageOfPage\":{\"@id\":\"https:\\\/\\\/www.alpinlodges-kaprun.at\\\/impressum\\\/#primaryimage\"},\"image\":{\"@id\":\"https:\\\/\\\/www.alpinlodges-kaprun.at\\\/impressum\\\/#primaryimage\"},\"thumbnailUrl\":\"https:\\\/\\\/www.alpinlodges-kaprun.at\\\/wordpress-5.0.3\\\/wordpress\\\/wp-content\\\/uploads\\\/2022\\\/08\\\/boote-am-zeller-see-boats-on-lake-zell-c-expa-pictures_original.jpg\",\"datePublished\":\"2019-05-09T19:34:19+00:00\",\"dateModified\":\"2024-06-27T07:32:51+00:00\",\"breadcrumb\":{\"@id\":\"https:\\\/\\\/www.alpinlodges-kaprun.at\\\/impressum\\\/#breadcrumb\"},\"inLanguage\":\"en-GB\",\"potentialAction\":[{\"@type\":\"ReadAction\",\"target\":[\"https:\\\/\\\/www.alpinlodges-kaprun.at\\\/impressum\\\/\"]}]},{\"@type\":\"ImageObject\",\"inLanguage\":\"en-GB\",\"@id\":\"https:\\\/\\\/www.alpinlodges-kaprun.at\\\/impressum\\\/#primaryimage\",\"url\":\"https:\\\/\\\/www.alpinlodges-kaprun.at\\\/wordpress-5.0.3\\\/wordpress\\\/wp-content\\\/uploads\\\/2022\\\/08\\\/boote-am-zeller-see-boats-on-lake-zell-c-expa-pictures_original.jpg\",\"contentUrl\":\"https:\\\/\\\/www.alpinlodges-kaprun.at\\\/wordpress-5.0.3\\\/wordpress\\\/wp-content\\\/uploads\\\/2022\\\/08\\\/boote-am-zeller-see-boats-on-lake-zell-c-expa-pictures_original.jpg\",\"width\":1920,\"height\":1279,\"caption\":\"\u00a9 EXPA Pictures\"},{\"@type\":\"BreadcrumbList\",\"@id\":\"https:\\\/\\\/www.alpinlodges-kaprun.at\\\/impressum\\\/#breadcrumb\",\"itemListElement\":[{\"@type\":\"ListItem\",\"position\":1,\"name\":\"Home\",\"item\":\"https:\\\/\\\/www.alpinlodges-kaprun.at\\\/\"},{\"@type\":\"ListItem\",\"position\":2,\"name\":\"Impressum\"}]},{\"@type\":\"WebSite\",\"@id\":\"https:\\\/\\\/www.alpinlodges-kaprun.at\\\/#website\",\"url\":\"https:\\\/\\\/www.alpinlodges-kaprun.at\\\/\",\"name\":\"Alp-IN Lodges Kaprun\",\"description\":\"\",\"publisher\":{\"@id\":\"https:\\\/\\\/www.alpinlodges-kaprun.at\\\/#organization\"},\"potentialAction\":[{\"@type\":\"SearchAction\",\"target\":{\"@type\":\"EntryPoint\",\"urlTemplate\":\"https:\\\/\\\/www.alpinlodges-kaprun.at\\\/?s={search_term_string}\"},\"query-input\":{\"@type\":\"PropertyValueSpecification\",\"valueRequired\":true,\"valueName\":\"search_term_string\"}}],\"inLanguage\":\"en-GB\"},{\"@type\":\"Organization\",\"@id\":\"https:\\\/\\\/www.alpinlodges-kaprun.at\\\/#organization\",\"name\":\"Alp-IN Lodges Kaprun\",\"url\":\"https:\\\/\\\/www.alpinlodges-kaprun.at\\\/\",\"logo\":{\"@type\":\"ImageObject\",\"inLanguage\":\"en-GB\",\"@id\":\"https:\\\/\\\/www.alpinlodges-kaprun.at\\\/#\\\/schema\\\/logo\\\/image\\\/\",\"url\":\"http:\\\/\\\/www.alpinlodges-kaprun.at\\\/wordpress-5.0.3\\\/wordpress\\\/wp-content\\\/uploads\\\/2019\\\/05\\\/Alpin-2-e1597433925583.png\",\"contentUrl\":\"http:\\\/\\\/www.alpinlodges-kaprun.at\\\/wordpress-5.0.3\\\/wordpress\\\/wp-content\\\/uploads\\\/2019\\\/05\\\/Alpin-2-e1597433925583.png\",\"width\":200,\"height\":90,\"caption\":\"Alp-IN Lodges Kaprun\"},\"image\":{\"@id\":\"https:\\\/\\\/www.alpinlodges-kaprun.at\\\/#\\\/schema\\\/logo\\\/image\\\/\"}}]}<\/script>\n<!-- \/ Yoast SEO plugin. -->","yoast_head_json":{"title":"Impressum","robots":{"index":"index","follow":"follow","max-snippet":"max-snippet:-1","max-image-preview":"max-image-preview:large","max-video-preview":"max-video-preview:-1"},"canonical":"https:\/\/www.alpinlodges-kaprun.at\/en\/impressum\/","og_locale":"en_GB","og_type":"article","og_title":"[:en]Impressum[:de]Impressum[:] - Alp-IN Lodges Kaprun","og_description":"\u00a9 Zell am See-Kaprun Tourismus","og_url":"https:\/\/www.alpinlodges-kaprun.at\/en\/impressum\/","og_site_name":"Alp-IN Lodges Kaprun","article_modified_time":"2024-06-27T07:32:51+00:00","og_image":[{"width":1920,"height":1279,"url":"http:\/\/www.alpinlodges-kaprun.at\/wordpress-5.0.3\/wordpress\/wp-content\/uploads\/2022\/08\/boote-am-zeller-see-boats-on-lake-zell-c-expa-pictures_original.jpg","type":"image\/jpeg"}],"twitter_card":"summary_large_image","twitter_misc":{"Estimated reading time":"3 minutes"},"schema":{"@context":"https:\/\/schema.org","@graph":[{"@type":"WebPage","@id":"https:\/\/www.alpinlodges-kaprun.at\/impressum\/","url":"https:\/\/www.alpinlodges-kaprun.at\/impressum\/","name":"Impressum","isPartOf":{"@id":"https:\/\/www.alpinlodges-kaprun.at\/#website"},"primaryImageOfPage":{"@id":"https:\/\/www.alpinlodges-kaprun.at\/impressum\/#primaryimage"},"image":{"@id":"https:\/\/www.alpinlodges-kaprun.at\/impressum\/#primaryimage"},"thumbnailUrl":"https:\/\/www.alpinlodges-kaprun.at\/wordpress-5.0.3\/wordpress\/wp-content\/uploads\/2022\/08\/boote-am-zeller-see-boats-on-lake-zell-c-expa-pictures_original.jpg","datePublished":"2019-05-09T19:34:19+00:00","dateModified":"2024-06-27T07:32:51+00:00","breadcrumb":{"@id":"https:\/\/www.alpinlodges-kaprun.at\/impressum\/#breadcrumb"},"inLanguage":"en-GB","potentialAction":[{"@type":"ReadAction","target":["https:\/\/www.alpinlodges-kaprun.at\/impressum\/"]}]},{"@type":"ImageObject","inLanguage":"en-GB","@id":"https:\/\/www.alpinlodges-kaprun.at\/impressum\/#primaryimage","url":"https:\/\/www.alpinlodges-kaprun.at\/wordpress-5.0.3\/wordpress\/wp-content\/uploads\/2022\/08\/boote-am-zeller-see-boats-on-lake-zell-c-expa-pictures_original.jpg","contentUrl":"https:\/\/www.alpinlodges-kaprun.at\/wordpress-5.0.3\/wordpress\/wp-content\/uploads\/2022\/08\/boote-am-zeller-see-boats-on-lake-zell-c-expa-pictures_original.jpg","width":1920,"height":1279,"caption":"\u00a9 EXPA Pictures"},{"@type":"BreadcrumbList","@id":"https:\/\/www.alpinlodges-kaprun.at\/impressum\/#breadcrumb","itemListElement":[{"@type":"ListItem","position":1,"name":"Home","item":"https:\/\/www.alpinlodges-kaprun.at\/"},{"@type":"ListItem","position":2,"name":"Impressum"}]},{"@type":"WebSite","@id":"https:\/\/www.alpinlodges-kaprun.at\/#website","url":"https:\/\/www.alpinlodges-kaprun.at\/","name":"Alp-IN Lodges Kaprun","description":"","publisher":{"@id":"https:\/\/www.alpinlodges-kaprun.at\/#organization"},"potentialAction":[{"@type":"SearchAction","target":{"@type":"EntryPoint","urlTemplate":"https:\/\/www.alpinlodges-kaprun.at\/?s={search_term_string}"},"query-input":{"@type":"PropertyValueSpecification","valueRequired":true,"valueName":"search_term_string"}}],"inLanguage":"en-GB"},{"@type":"Organization","@id":"https:\/\/www.alpinlodges-kaprun.at\/#organization","name":"Alp-IN Lodges Kaprun","url":"https:\/\/www.alpinlodges-kaprun.at\/","logo":{"@type":"ImageObject","inLanguage":"en-GB","@id":"https:\/\/www.alpinlodges-kaprun.at\/#\/schema\/logo\/image\/","url":"http:\/\/www.alpinlodges-kaprun.at\/wordpress-5.0.3\/wordpress\/wp-content\/uploads\/2019\/05\/Alpin-2-e1597433925583.png","contentUrl":"http:\/\/www.alpinlodges-kaprun.at\/wordpress-5.0.3\/wordpress\/wp-content\/uploads\/2019\/05\/Alpin-2-e1597433925583.png","width":200,"height":90,"caption":"Alp-IN Lodges Kaprun"},"image":{"@id":"https:\/\/www.alpinlodges-kaprun.at\/#\/schema\/logo\/image\/"}}]}},"_links":{"self":[{"href":"https:\/\/www.alpinlodges-kaprun.at\/en\/wp-json\/wp\/v2\/pages\/87","targetHints":{"allow":["GET"]}}],"collection":[{"href":"https:\/\/www.alpinlodges-kaprun.at\/en\/wp-json\/wp\/v2\/pages"}],"about":[{"href":"https:\/\/www.alpinlodges-kaprun.at\/en\/wp-json\/wp\/v2\/types\/page"}],"author":[{"embeddable":true,"href":"https:\/\/www.alpinlodges-kaprun.at\/en\/wp-json\/wp\/v2\/users\/1"}],"replies":[{"embeddable":true,"href":"https:\/\/www.alpinlodges-kaprun.at\/en\/wp-json\/wp\/v2\/comments?post=87"}],"version-history":[{"count":27,"href":"https:\/\/www.alpinlodges-kaprun.at\/en\/wp-json\/wp\/v2\/pages\/87\/revisions"}],"predecessor-version":[{"id":16522,"href":"https:\/\/www.alpinlodges-kaprun.at\/en\/wp-json\/wp\/v2\/pages\/87\/revisions\/16522"}],"wp:featuredmedia":[{"embeddable":true,"href":"https:\/\/www.alpinlodges-kaprun.at\/en\/wp-json\/wp\/v2\/media\/8437"}],"wp:attachment":[{"href":"https:\/\/www.alpinlodges-kaprun.at\/en\/wp-json\/wp\/v2\/media?parent=87"}],"curies":[{"name":"wp","href":"https:\/\/api.w.org\/{rel}","templated":true}]}}