{"id":817,"date":"2019-06-11T11:50:05","date_gmt":"2019-06-11T09:50:05","guid":{"rendered":"http:\/\/www.alpinlodges-kaprun.at\/?page_id=817"},"modified":"2021-10-18T18:31:16","modified_gmt":"2021-10-18T16:31:16","slug":"appartements-kaprun","status":"publish","type":"page","link":"https:\/\/www.alpinlodges-kaprun.at\/en\/dewillkommen-im-alp-in-lodges\/appartements-kaprun\/","title":{"rendered":"Our Lodges"},"content":{"rendered":"\n<p class=\"has-drop-cap has-text-align-left has-normal-font-size\">It&#8217;s a pleasure to have you here. You can choose between the Panorama Lodge Kitzsteinhorn (for up to 8 people) and the Studio Lodge Maiskogel (for 2 people) or you can combine both apartments. Then, there is enough space for 10 people on three floors in a &#8220;half house&#8221; for your own.<\/p>\n\n\n<div class=\"n2-section-smartslider fitvidsignore \" data-ssid=\"3\" tabindex=\"0\" role=\"region\" aria-label=\"Slider\"><div id=\"n2-ss-3-align\" class=\"n2-ss-align\"><div class=\"n2-padding\"><div id=\"n2-ss-3\" data-creator=\"Smart Slider 3\" data-responsive=\"fullwidth\" class=\"n2-ss-slider n2-ow n2-has-hover n2notransition  \"><div class=\"n2-ss-slider-wrapper-inside\">\n        <div class=\"n2-ss-slider-1 n2_ss__touch_element n2-ow\">\n            <div class=\"n2-ss-slider-2 n2-ow\">\n                                                <div class=\"n2-ss-slider-3 n2-ow\">\n\n                    <div class=\"n2-ss-slide-backgrounds n2-ow-all\"><div class=\"n2-ss-slide-background\" data-public-id=\"1\" data-mode=\"fill\"><div class=\"n2-ss-slide-background-image\" data-blur=\"0\" data-opacity=\"100\" data-x=\"50\" data-y=\"50\" data-alt=\"Ferienwohnung Appartement Kaprun\" data-title=\"\"><picture class=\"skip-lazy\" data-skip-lazy=\"1\"><img decoding=\"async\" src=\"\/\/www.alpinlodges-kaprun.at\/wordpress-5.0.3\/wordpress\/wp-content\/uploads\/2019\/09\/IMG_8823.jpg\" alt=\"Ferienwohnung Appartement Kaprun\" title=\"\" loading=\"lazy\" class=\"skip-lazy\" data-skip-lazy=\"1\"><\/picture><\/div><div data-color=\"RGBA(255,255,255,0)\" style=\"background-color: RGBA(255,255,255,0);\" class=\"n2-ss-slide-background-color\"><\/div><\/div><div class=\"n2-ss-slide-background\" data-public-id=\"2\" data-mode=\"fill\" aria-hidden=\"true\"><div class=\"n2-ss-slide-background-image\" data-blur=\"0\" data-opacity=\"100\" data-x=\"50\" data-y=\"50\" data-alt=\"ferienwohnung apartment kaprun\" data-title=\"\"><picture class=\"skip-lazy\" data-skip-lazy=\"1\"><img decoding=\"async\" src=\"\/\/www.alpinlodges-kaprun.at\/wordpress-5.0.3\/wordpress\/wp-content\/uploads\/2019\/09\/IMG_8540.jpg\" alt=\"ferienwohnung apartment kaprun\" title=\"\" loading=\"lazy\" class=\"skip-lazy\" data-skip-lazy=\"1\"><\/picture><\/div><div data-color=\"RGBA(255,255,255,0)\" style=\"background-color: RGBA(255,255,255,0);\" class=\"n2-ss-slide-background-color\"><\/div><\/div><div class=\"n2-ss-slide-background\" data-public-id=\"3\" data-mode=\"fill\" aria-hidden=\"true\"><div class=\"n2-ss-slide-background-image\" data-blur=\"0\" data-opacity=\"100\" data-x=\"50\" data-y=\"50\" data-alt=\"Apartment Ferienwohnung Kaprun\" data-title=\"\"><picture class=\"skip-lazy\" data-skip-lazy=\"1\"><img decoding=\"async\" src=\"\/\/www.alpinlodges-kaprun.at\/wordpress-5.0.3\/wordpress\/wp-content\/uploads\/2019\/09\/IMG_8627.jpg\" alt=\"Apartment Ferienwohnung Kaprun\" title=\"\" loading=\"lazy\" class=\"skip-lazy\" data-skip-lazy=\"1\"><\/picture><\/div><div data-color=\"RGBA(255,255,255,0)\" style=\"background-color: RGBA(255,255,255,0);\" class=\"n2-ss-slide-background-color\"><\/div><\/div><div class=\"n2-ss-slide-background\" data-public-id=\"4\" data-mode=\"fill\" aria-hidden=\"true\"><div class=\"n2-ss-slide-background-image\" data-blur=\"0\" data-opacity=\"100\" data-x=\"50\" data-y=\"50\" data-alt=\"\" data-title=\"\"><picture class=\"skip-lazy\" data-skip-lazy=\"1\"><img decoding=\"async\" src=\"\/\/www.alpinlodges-kaprun.at\/wordpress-5.0.3\/wordpress\/wp-content\/uploads\/2022\/07\/350064418.jpg\" alt=\"\" title=\"\" loading=\"lazy\" class=\"skip-lazy\" data-skip-lazy=\"1\"><\/picture><\/div><div data-color=\"RGBA(255,255,255,0)\" style=\"background-color: RGBA(255,255,255,0);\" class=\"n2-ss-slide-background-color\"><\/div><\/div><div class=\"n2-ss-slide-background\" data-public-id=\"5\" data-mode=\"fill\" aria-hidden=\"true\"><div class=\"n2-ss-slide-background-image\" data-blur=\"0\" data-opacity=\"100\" data-x=\"50\" data-y=\"50\" data-alt=\"Apartment Ferienwohnung Kaprun\" data-title=\"\"><picture class=\"skip-lazy\" data-skip-lazy=\"1\"><img decoding=\"async\" src=\"\/\/www.alpinlodges-kaprun.at\/wordpress-5.0.3\/wordpress\/wp-content\/uploads\/2019\/09\/IMG_8966.jpg\" alt=\"Apartment Ferienwohnung Kaprun\" title=\"\" loading=\"lazy\" class=\"skip-lazy\" data-skip-lazy=\"1\"><\/picture><\/div><div data-color=\"RGBA(255,255,255,0)\" style=\"background-color: RGBA(255,255,255,0);\" class=\"n2-ss-slide-background-color\"><\/div><\/div><div class=\"n2-ss-slide-background\" data-public-id=\"6\" data-mode=\"fill\" aria-hidden=\"true\"><div class=\"n2-ss-slide-background-image\" data-blur=\"0\" data-opacity=\"100\" data-x=\"50\" data-y=\"50\" data-alt=\"\" data-title=\"\"><picture class=\"skip-lazy\" data-skip-lazy=\"1\"><img decoding=\"async\" src=\"\/\/www.alpinlodges-kaprun.at\/wordpress-5.0.3\/wordpress\/wp-content\/uploads\/2019\/09\/IMG_9025.jpg\" alt=\"\" title=\"\" loading=\"lazy\" class=\"skip-lazy\" data-skip-lazy=\"1\"><\/picture><\/div><div data-color=\"RGBA(255,255,255,0)\" style=\"background-color: RGBA(255,255,255,0);\" class=\"n2-ss-slide-background-color\"><\/div><\/div><div class=\"n2-ss-slide-background\" data-public-id=\"7\" data-mode=\"fill\" aria-hidden=\"true\"><div class=\"n2-ss-slide-background-image\" data-blur=\"0\" data-opacity=\"100\" data-x=\"50\" data-y=\"50\" data-alt=\"\" data-title=\"\"><picture class=\"skip-lazy\" data-skip-lazy=\"1\"><img decoding=\"async\" src=\"\/\/www.alpinlodges-kaprun.at\/wordpress-5.0.3\/wordpress\/wp-content\/uploads\/2022\/07\/1657368830076-1.jpg\" alt=\"\" title=\"\" loading=\"lazy\" class=\"skip-lazy\" data-skip-lazy=\"1\"><\/picture><\/div><div data-color=\"RGBA(255,255,255,0)\" style=\"background-color: RGBA(255,255,255,0);\" class=\"n2-ss-slide-background-color\"><\/div><\/div><\/div>                    <div class=\"n2-ss-slider-4 n2-ow\">\n                        <svg xmlns=\"http:\/\/www.w3.org\/2000\/svg\" viewBox=\"0 0 1200 800\" data-related-device=\"desktopPortrait\" class=\"n2-ow n2-ss-preserve-size n2-ss-preserve-size--slider n2-ss-slide-limiter\"><\/svg><div data-first=\"1\" data-slide-duration=\"0\" data-id=\"4\" data-slide-public-id=\"1\" data-title=\"IMG_8823\" class=\"n2-ss-slide n2-ow  n2-ss-slide-4\"><div role=\"note\" class=\"n2-ss-slide--focus\" tabindex=\"-1\">IMG_8823<\/div><div class=\"n2-ss-layers-container n2-ss-slide-limiter n2-ow\"><div class=\"n2-ss-layer n2-ow n-uc-5v1LX2SgAt1M\" data-sstype=\"slide\" data-pm=\"default\"><\/div><\/div><\/div><div data-slide-duration=\"0\" data-id=\"6\" data-slide-public-id=\"2\" aria-hidden=\"true\" data-title=\"IMG_8540\" class=\"n2-ss-slide n2-ow  n2-ss-slide-6\"><div role=\"note\" class=\"n2-ss-slide--focus\" tabindex=\"-1\">IMG_8540<\/div><div class=\"n2-ss-layers-container n2-ss-slide-limiter n2-ow\"><div class=\"n2-ss-layer n2-ow n-uc-2wc3Rfqvbxau\" data-sstype=\"slide\" data-pm=\"default\"><\/div><\/div><\/div><div data-slide-duration=\"0\" data-id=\"8\" data-slide-public-id=\"3\" aria-hidden=\"true\" data-title=\"IMG_8627\" class=\"n2-ss-slide n2-ow  n2-ss-slide-8\"><div role=\"note\" class=\"n2-ss-slide--focus\" tabindex=\"-1\">IMG_8627<\/div><div class=\"n2-ss-layers-container n2-ss-slide-limiter n2-ow\"><div class=\"n2-ss-layer n2-ow n-uc-tSTuKnoayziz\" data-sstype=\"slide\" data-pm=\"default\"><\/div><\/div><\/div><div data-slide-duration=\"0\" data-id=\"35\" data-slide-public-id=\"4\" aria-hidden=\"true\" data-title=\"350064418\" class=\"n2-ss-slide n2-ow  n2-ss-slide-35\"><div role=\"note\" class=\"n2-ss-slide--focus\" tabindex=\"-1\">350064418<\/div><div class=\"n2-ss-layers-container n2-ss-slide-limiter n2-ow\"><div class=\"n2-ss-layer n2-ow n-uc-vB0j74qii0y1\" data-sstype=\"slide\" data-pm=\"default\"><\/div><\/div><\/div><div data-slide-duration=\"0\" data-id=\"5\" data-slide-public-id=\"5\" aria-hidden=\"true\" data-title=\"IMG_8966\" class=\"n2-ss-slide n2-ow  n2-ss-slide-5\"><div role=\"note\" class=\"n2-ss-slide--focus\" tabindex=\"-1\">IMG_8966<\/div><div class=\"n2-ss-layers-container n2-ss-slide-limiter n2-ow\"><div class=\"n2-ss-layer n2-ow n-uc-GU2HNv7CWzw6\" data-sstype=\"slide\" data-pm=\"default\"><\/div><\/div><\/div><div data-slide-duration=\"0\" data-id=\"7\" data-slide-public-id=\"6\" aria-hidden=\"true\" data-title=\"IMG_9025\" class=\"n2-ss-slide n2-ow  n2-ss-slide-7\"><div role=\"note\" class=\"n2-ss-slide--focus\" tabindex=\"-1\">IMG_9025<\/div><div class=\"n2-ss-layers-container n2-ss-slide-limiter n2-ow\"><div class=\"n2-ss-layer n2-ow n-uc-wvmcY5k0DUlQ\" data-sstype=\"slide\" data-pm=\"default\"><\/div><\/div><\/div><div data-slide-duration=\"0\" data-id=\"34\" data-slide-public-id=\"7\" aria-hidden=\"true\" data-title=\"1657368830076\" class=\"n2-ss-slide n2-ow  n2-ss-slide-34\"><div role=\"note\" class=\"n2-ss-slide--focus\" tabindex=\"-1\">1657368830076<\/div><div class=\"n2-ss-layers-container n2-ss-slide-limiter n2-ow\"><div class=\"n2-ss-layer n2-ow n-uc-XzYVFnDBubbK\" data-sstype=\"slide\" data-pm=\"default\"><\/div><\/div><\/div>                    <\/div>\n\n                                    <\/div>\n            <\/div>\n        <\/div>\n        <div class=\"n2-ss-slider-controls n2-ss-slider-controls-absolute-left-center\"><div style=\"--widget-offset:15px;\" class=\"n2-ss-widget nextend-arrow n2-ow-all nextend-arrow-previous  nextend-arrow-animated-fade\" data-hide-mobileportrait=\"1\" id=\"n2-ss-3-arrow-previous\" role=\"button\" aria-label=\"previous arrow\" tabindex=\"0\"><img loading=\"lazy\" decoding=\"async\" width=\"32\" height=\"32\" class=\"skip-lazy\" data-skip-lazy=\"1\" src=\"data:image\/svg+xml;base64,PHN2ZyB3aWR0aD0iMzIiIGhlaWdodD0iMzIiIHZpZXdCb3g9IjAgMCAzMiAzMiIgeG1sbnM9Imh0dHA6Ly93d3cudzMub3JnLzIwMDAvc3ZnIj4KICAgIDxwYXRoIGQ9Ik0xMS40MzMgMTUuOTkyTDIyLjY5IDUuNzEyYy4zOTMtLjM5LjM5My0xLjAzIDAtMS40Mi0uMzkzLS4zOS0xLjAzLS4zOS0xLjQyMyAwbC0xMS45OCAxMC45NGMtLjIxLjIxLS4zLjQ5LS4yODUuNzYtLjAxNS4yOC4wNzUuNTYuMjg0Ljc3bDExLjk4IDEwLjk0Yy4zOTMuMzkgMS4wMy4zOSAxLjQyNCAwIC4zOTMtLjQuMzkzLTEuMDMgMC0xLjQybC0xMS4yNTctMTAuMjkiCiAgICAgICAgICBmaWxsPSIjZmZmZmZmIiBvcGFjaXR5PSIwLjgiIGZpbGwtcnVsZT0iZXZlbm9kZCIvPgo8L3N2Zz4=\" alt=\"previous arrow\"><\/div><\/div><div class=\"n2-ss-slider-controls n2-ss-slider-controls-absolute-right-center\"><div style=\"--widget-offset:15px;\" class=\"n2-ss-widget nextend-arrow n2-ow-all nextend-arrow-next  nextend-arrow-animated-fade\" data-hide-mobileportrait=\"1\" id=\"n2-ss-3-arrow-next\" role=\"button\" aria-label=\"next arrow\" tabindex=\"0\"><img loading=\"lazy\" decoding=\"async\" width=\"32\" height=\"32\" class=\"skip-lazy\" data-skip-lazy=\"1\" src=\"data:image\/svg+xml;base64,PHN2ZyB3aWR0aD0iMzIiIGhlaWdodD0iMzIiIHZpZXdCb3g9IjAgMCAzMiAzMiIgeG1sbnM9Imh0dHA6Ly93d3cudzMub3JnLzIwMDAvc3ZnIj4KICAgIDxwYXRoIGQ9Ik0xMC43MjIgNC4yOTNjLS4zOTQtLjM5LTEuMDMyLS4zOS0xLjQyNyAwLS4zOTMuMzktLjM5MyAxLjAzIDAgMS40MmwxMS4yODMgMTAuMjgtMTEuMjgzIDEwLjI5Yy0uMzkzLjM5LS4zOTMgMS4wMiAwIDEuNDIuMzk1LjM5IDEuMDMzLjM5IDEuNDI3IDBsMTIuMDA3LTEwLjk0Yy4yMS0uMjEuMy0uNDkuMjg0LS43Ny4wMTQtLjI3LS4wNzYtLjU1LS4yODYtLjc2TDEwLjcyIDQuMjkzeiIKICAgICAgICAgIGZpbGw9IiNmZmZmZmYiIG9wYWNpdHk9IjAuOCIgZmlsbC1ydWxlPSJldmVub2RkIi8+Cjwvc3ZnPg==\" alt=\"next arrow\"><\/div><\/div><\/div><\/div><ss3-loader><\/ss3-loader><\/div><\/div><div class=\"n2_clear\"><\/div><\/div>","protected":false},"excerpt":{"rendered":"<p>It&#8217;s a pleasure to have you here. You can choose between the Panorama Lodge Kitzsteinhorn (for up to 8 people) and the Studio Lodge Maiskogel (for 2 people) or you can combine both apartments. Then, there is enough space for 10 people on three floors in a &#8220;half house&#8221; for your own.<\/p>\n","protected":false},"author":1,"featured_media":2168,"parent":559,"menu_order":1,"comment_status":"closed","ping_status":"closed","template":"","meta":{"footnotes":""},"class_list":["post-817","page","type-page","status-publish","has-post-thumbnail","hentry"],"yoast_head":"<!-- This site is optimized with the Yoast SEO plugin v27.5 - https:\/\/yoast.com\/product\/yoast-seo-wordpress\/ -->\n<title>Alp-IN Lodges Kaprun - Appartements<\/title>\n<meta name=\"description\" content=\"2019 neu errichtete Appartements im alpinen Sti - \u00f6sterreichische Wohlf\u00fchlatmosph\u00e4re - moderne, hochwertige Einrichtung und Ausstattung\" \/>\n<meta name=\"robots\" content=\"index, follow, max-snippet:-1, max-image-preview:large, max-video-preview:-1\" \/>\n<link rel=\"canonical\" href=\"https:\/\/www.alpinlodges-kaprun.at\/en\/dewillkommen-im-alp-in-lodges\/appartements-kaprun\/\" \/>\n<meta property=\"og:locale\" content=\"en_GB\" \/>\n<meta property=\"og:locale:alternate\" content=\"de_DE\" \/>\n<meta property=\"og:type\" content=\"article\" \/>\n<meta property=\"og:title\" content=\"Alp-IN Lodges Kaprun - Appartements\" \/>\n<meta property=\"og:description\" content=\"2019 neu errichtete Appartements im alpinen Sti - \u00f6sterreichische Wohlf\u00fchlatmosph\u00e4re - moderne, hochwertige Einrichtung und Ausstattung\" \/>\n<meta property=\"og:url\" content=\"https:\/\/www.alpinlodges-kaprun.at\/en\/dewillkommen-im-alp-in-lodges\/appartements-kaprun\/\" \/>\n<meta property=\"og:site_name\" content=\"Alp-IN Lodges Kaprun\" \/>\n<meta property=\"article:modified_time\" content=\"2021-10-18T16:31:16+00:00\" \/>\n<meta property=\"og:image\" content=\"https:\/\/www.alpinlodges-kaprun.at\/wordpress-5.0.3\/wordpress\/wp-content\/uploads\/2020\/02\/IMG_20191227_163937kopie.jpg\" \/>\n\t<meta property=\"og:image:width\" content=\"1562\" \/>\n\t<meta property=\"og:image:height\" content=\"1920\" \/>\n\t<meta property=\"og:image:type\" content=\"image\/jpeg\" \/>\n<meta name=\"twitter:card\" content=\"summary_large_image\" \/>\n<meta name=\"twitter:label1\" content=\"Estimated reading time\" \/>\n\t<meta name=\"twitter:data1\" content=\"1 minute\" \/>\n<script type=\"application\/ld+json\" class=\"yoast-schema-graph\">{\"@context\":\"https:\\\/\\\/schema.org\",\"@graph\":[{\"@type\":\"WebPage\",\"@id\":\"https:\\\/\\\/www.alpinlodges-kaprun.at\\\/dewillkommen-im-alp-in-lodges\\\/appartements-kaprun\\\/\",\"url\":\"https:\\\/\\\/www.alpinlodges-kaprun.at\\\/dewillkommen-im-alp-in-lodges\\\/appartements-kaprun\\\/\",\"name\":\"Alp-IN Lodges Kaprun - Appartements\",\"isPartOf\":{\"@id\":\"https:\\\/\\\/www.alpinlodges-kaprun.at\\\/#website\"},\"primaryImageOfPage\":{\"@id\":\"https:\\\/\\\/www.alpinlodges-kaprun.at\\\/dewillkommen-im-alp-in-lodges\\\/appartements-kaprun\\\/#primaryimage\"},\"image\":{\"@id\":\"https:\\\/\\\/www.alpinlodges-kaprun.at\\\/dewillkommen-im-alp-in-lodges\\\/appartements-kaprun\\\/#primaryimage\"},\"thumbnailUrl\":\"https:\\\/\\\/www.alpinlodges-kaprun.at\\\/wordpress-5.0.3\\\/wordpress\\\/wp-content\\\/uploads\\\/2020\\\/02\\\/IMG_20191227_163937kopie.jpg\",\"datePublished\":\"2019-06-11T09:50:05+00:00\",\"dateModified\":\"2021-10-18T16:31:16+00:00\",\"description\":\"2019 neu errichtete Appartements im alpinen Sti - \u00f6sterreichische Wohlf\u00fchlatmosph\u00e4re - moderne, hochwertige Einrichtung und Ausstattung\",\"breadcrumb\":{\"@id\":\"https:\\\/\\\/www.alpinlodges-kaprun.at\\\/dewillkommen-im-alp-in-lodges\\\/appartements-kaprun\\\/#breadcrumb\"},\"inLanguage\":\"en-GB\",\"potentialAction\":[{\"@type\":\"ReadAction\",\"target\":[\"https:\\\/\\\/www.alpinlodges-kaprun.at\\\/dewillkommen-im-alp-in-lodges\\\/appartements-kaprun\\\/\"]}]},{\"@type\":\"ImageObject\",\"inLanguage\":\"en-GB\",\"@id\":\"https:\\\/\\\/www.alpinlodges-kaprun.at\\\/dewillkommen-im-alp-in-lodges\\\/appartements-kaprun\\\/#primaryimage\",\"url\":\"https:\\\/\\\/www.alpinlodges-kaprun.at\\\/wordpress-5.0.3\\\/wordpress\\\/wp-content\\\/uploads\\\/2020\\\/02\\\/IMG_20191227_163937kopie.jpg\",\"contentUrl\":\"https:\\\/\\\/www.alpinlodges-kaprun.at\\\/wordpress-5.0.3\\\/wordpress\\\/wp-content\\\/uploads\\\/2020\\\/02\\\/IMG_20191227_163937kopie.jpg\",\"width\":1562,\"height\":1920},{\"@type\":\"BreadcrumbList\",\"@id\":\"https:\\\/\\\/www.alpinlodges-kaprun.at\\\/dewillkommen-im-alp-in-lodges\\\/appartements-kaprun\\\/#breadcrumb\",\"itemListElement\":[{\"@type\":\"ListItem\",\"position\":1,\"name\":\"Home\",\"item\":\"https:\\\/\\\/www.alpinlodges-kaprun.at\\\/\"},{\"@type\":\"ListItem\",\"position\":2,\"name\":\"Willkommen im Alp-IN Lodges\",\"item\":\"https:\\\/\\\/www.alpinlodges-kaprun.at\\\/\"},{\"@type\":\"ListItem\",\"position\":3,\"name\":\"Unsere Lodges\"}]},{\"@type\":\"WebSite\",\"@id\":\"https:\\\/\\\/www.alpinlodges-kaprun.at\\\/#website\",\"url\":\"https:\\\/\\\/www.alpinlodges-kaprun.at\\\/\",\"name\":\"Alp-IN Lodges Kaprun\",\"description\":\"\",\"publisher\":{\"@id\":\"https:\\\/\\\/www.alpinlodges-kaprun.at\\\/#organization\"},\"potentialAction\":[{\"@type\":\"SearchAction\",\"target\":{\"@type\":\"EntryPoint\",\"urlTemplate\":\"https:\\\/\\\/www.alpinlodges-kaprun.at\\\/?s={search_term_string}\"},\"query-input\":{\"@type\":\"PropertyValueSpecification\",\"valueRequired\":true,\"valueName\":\"search_term_string\"}}],\"inLanguage\":\"en-GB\"},{\"@type\":\"Organization\",\"@id\":\"https:\\\/\\\/www.alpinlodges-kaprun.at\\\/#organization\",\"name\":\"Alp-IN Lodges Kaprun\",\"url\":\"https:\\\/\\\/www.alpinlodges-kaprun.at\\\/\",\"logo\":{\"@type\":\"ImageObject\",\"inLanguage\":\"en-GB\",\"@id\":\"https:\\\/\\\/www.alpinlodges-kaprun.at\\\/#\\\/schema\\\/logo\\\/image\\\/\",\"url\":\"http:\\\/\\\/www.alpinlodges-kaprun.at\\\/wordpress-5.0.3\\\/wordpress\\\/wp-content\\\/uploads\\\/2019\\\/05\\\/Alpin-2-e1597433925583.png\",\"contentUrl\":\"http:\\\/\\\/www.alpinlodges-kaprun.at\\\/wordpress-5.0.3\\\/wordpress\\\/wp-content\\\/uploads\\\/2019\\\/05\\\/Alpin-2-e1597433925583.png\",\"width\":200,\"height\":90,\"caption\":\"Alp-IN Lodges Kaprun\"},\"image\":{\"@id\":\"https:\\\/\\\/www.alpinlodges-kaprun.at\\\/#\\\/schema\\\/logo\\\/image\\\/\"}}]}<\/script>\n<!-- \/ Yoast SEO plugin. -->","yoast_head_json":{"title":"Alp-IN Lodges Kaprun - Appartements","description":"2019 neu errichtete Appartements im alpinen Sti - \u00f6sterreichische Wohlf\u00fchlatmosph\u00e4re - moderne, hochwertige Einrichtung und Ausstattung","robots":{"index":"index","follow":"follow","max-snippet":"max-snippet:-1","max-image-preview":"max-image-preview:large","max-video-preview":"max-video-preview:-1"},"canonical":"https:\/\/www.alpinlodges-kaprun.at\/en\/dewillkommen-im-alp-in-lodges\/appartements-kaprun\/","og_locale":"en_GB","og_type":"article","og_title":"Alp-IN Lodges Kaprun - Appartements","og_description":"2019 neu errichtete Appartements im alpinen Sti - \u00f6sterreichische Wohlf\u00fchlatmosph\u00e4re - moderne, hochwertige Einrichtung und Ausstattung","og_url":"https:\/\/www.alpinlodges-kaprun.at\/en\/dewillkommen-im-alp-in-lodges\/appartements-kaprun\/","og_site_name":"Alp-IN Lodges Kaprun","article_modified_time":"2021-10-18T16:31:16+00:00","og_image":[{"width":1562,"height":1920,"url":"https:\/\/www.alpinlodges-kaprun.at\/wordpress-5.0.3\/wordpress\/wp-content\/uploads\/2020\/02\/IMG_20191227_163937kopie.jpg","type":"image\/jpeg"}],"twitter_card":"summary_large_image","twitter_misc":{"Estimated reading time":"1 minute"},"schema":{"@context":"https:\/\/schema.org","@graph":[{"@type":"WebPage","@id":"https:\/\/www.alpinlodges-kaprun.at\/dewillkommen-im-alp-in-lodges\/appartements-kaprun\/","url":"https:\/\/www.alpinlodges-kaprun.at\/dewillkommen-im-alp-in-lodges\/appartements-kaprun\/","name":"Alp-IN Lodges Kaprun - Appartements","isPartOf":{"@id":"https:\/\/www.alpinlodges-kaprun.at\/#website"},"primaryImageOfPage":{"@id":"https:\/\/www.alpinlodges-kaprun.at\/dewillkommen-im-alp-in-lodges\/appartements-kaprun\/#primaryimage"},"image":{"@id":"https:\/\/www.alpinlodges-kaprun.at\/dewillkommen-im-alp-in-lodges\/appartements-kaprun\/#primaryimage"},"thumbnailUrl":"https:\/\/www.alpinlodges-kaprun.at\/wordpress-5.0.3\/wordpress\/wp-content\/uploads\/2020\/02\/IMG_20191227_163937kopie.jpg","datePublished":"2019-06-11T09:50:05+00:00","dateModified":"2021-10-18T16:31:16+00:00","description":"2019 neu errichtete Appartements im alpinen Sti - \u00f6sterreichische Wohlf\u00fchlatmosph\u00e4re - moderne, hochwertige Einrichtung und Ausstattung","breadcrumb":{"@id":"https:\/\/www.alpinlodges-kaprun.at\/dewillkommen-im-alp-in-lodges\/appartements-kaprun\/#breadcrumb"},"inLanguage":"en-GB","potentialAction":[{"@type":"ReadAction","target":["https:\/\/www.alpinlodges-kaprun.at\/dewillkommen-im-alp-in-lodges\/appartements-kaprun\/"]}]},{"@type":"ImageObject","inLanguage":"en-GB","@id":"https:\/\/www.alpinlodges-kaprun.at\/dewillkommen-im-alp-in-lodges\/appartements-kaprun\/#primaryimage","url":"https:\/\/www.alpinlodges-kaprun.at\/wordpress-5.0.3\/wordpress\/wp-content\/uploads\/2020\/02\/IMG_20191227_163937kopie.jpg","contentUrl":"https:\/\/www.alpinlodges-kaprun.at\/wordpress-5.0.3\/wordpress\/wp-content\/uploads\/2020\/02\/IMG_20191227_163937kopie.jpg","width":1562,"height":1920},{"@type":"BreadcrumbList","@id":"https:\/\/www.alpinlodges-kaprun.at\/dewillkommen-im-alp-in-lodges\/appartements-kaprun\/#breadcrumb","itemListElement":[{"@type":"ListItem","position":1,"name":"Home","item":"https:\/\/www.alpinlodges-kaprun.at\/"},{"@type":"ListItem","position":2,"name":"Willkommen im Alp-IN Lodges","item":"https:\/\/www.alpinlodges-kaprun.at\/"},{"@type":"ListItem","position":3,"name":"Unsere Lodges"}]},{"@type":"WebSite","@id":"https:\/\/www.alpinlodges-kaprun.at\/#website","url":"https:\/\/www.alpinlodges-kaprun.at\/","name":"Alp-IN Lodges Kaprun","description":"","publisher":{"@id":"https:\/\/www.alpinlodges-kaprun.at\/#organization"},"potentialAction":[{"@type":"SearchAction","target":{"@type":"EntryPoint","urlTemplate":"https:\/\/www.alpinlodges-kaprun.at\/?s={search_term_string}"},"query-input":{"@type":"PropertyValueSpecification","valueRequired":true,"valueName":"search_term_string"}}],"inLanguage":"en-GB"},{"@type":"Organization","@id":"https:\/\/www.alpinlodges-kaprun.at\/#organization","name":"Alp-IN Lodges Kaprun","url":"https:\/\/www.alpinlodges-kaprun.at\/","logo":{"@type":"ImageObject","inLanguage":"en-GB","@id":"https:\/\/www.alpinlodges-kaprun.at\/#\/schema\/logo\/image\/","url":"http:\/\/www.alpinlodges-kaprun.at\/wordpress-5.0.3\/wordpress\/wp-content\/uploads\/2019\/05\/Alpin-2-e1597433925583.png","contentUrl":"http:\/\/www.alpinlodges-kaprun.at\/wordpress-5.0.3\/wordpress\/wp-content\/uploads\/2019\/05\/Alpin-2-e1597433925583.png","width":200,"height":90,"caption":"Alp-IN Lodges Kaprun"},"image":{"@id":"https:\/\/www.alpinlodges-kaprun.at\/#\/schema\/logo\/image\/"}}]}},"_links":{"self":[{"href":"https:\/\/www.alpinlodges-kaprun.at\/en\/wp-json\/wp\/v2\/pages\/817","targetHints":{"allow":["GET"]}}],"collection":[{"href":"https:\/\/www.alpinlodges-kaprun.at\/en\/wp-json\/wp\/v2\/pages"}],"about":[{"href":"https:\/\/www.alpinlodges-kaprun.at\/en\/wp-json\/wp\/v2\/types\/page"}],"author":[{"embeddable":true,"href":"https:\/\/www.alpinlodges-kaprun.at\/en\/wp-json\/wp\/v2\/users\/1"}],"replies":[{"embeddable":true,"href":"https:\/\/www.alpinlodges-kaprun.at\/en\/wp-json\/wp\/v2\/comments?post=817"}],"version-history":[{"count":52,"href":"https:\/\/www.alpinlodges-kaprun.at\/en\/wp-json\/wp\/v2\/pages\/817\/revisions"}],"predecessor-version":[{"id":3584,"href":"https:\/\/www.alpinlodges-kaprun.at\/en\/wp-json\/wp\/v2\/pages\/817\/revisions\/3584"}],"up":[{"embeddable":true,"href":"https:\/\/www.alpinlodges-kaprun.at\/en\/wp-json\/wp\/v2\/pages\/559"}],"wp:featuredmedia":[{"embeddable":true,"href":"https:\/\/www.alpinlodges-kaprun.at\/en\/wp-json\/wp\/v2\/media\/2168"}],"wp:attachment":[{"href":"https:\/\/www.alpinlodges-kaprun.at\/en\/wp-json\/wp\/v2\/media?parent=817"}],"curies":[{"name":"wp","href":"https:\/\/api.w.org\/{rel}","templated":true}]}}